{"id":95,"date":"2017-08-17T14:28:39","date_gmt":"2017-08-17T14:28:39","guid":{"rendered":"http:\/\/bjorn.elated-themes.com\/?page_id=95"},"modified":"2020-05-19T12:18:32","modified_gmt":"2020-05-19T10:18:32","slug":"agence","status":"publish","type":"page","link":"https:\/\/demo251019.mpocom.com\/index.php\/agence\/","title":{"rendered":"L&#8217;Agence"},"content":{"rendered":"<p>[vc_row row_content_width=&#8221;grid&#8221; css=&#8221;.vc_custom_1506438492225{padding-top: 92px !important;padding-bottom: 86px !important;}&#8221;][vc_column][vc_column_text]<\/p>\n<h2>L&#8217;agence<\/h2>\n<p>[\/vc_column_text][\/vc_column][\/vc_row][vc_row row_content_width=&#8221;grid&#8221; css=&#8221;.vc_custom_1506438492225{padding-top: 92px !important;padding-bottom: 86px !important;}&#8221;][vc_column]<div class=\"eltd-elements-holder   eltd-one-column  eltd-responsive-mode-768 \" ><div class=\"eltd-eh-item    \"  data-item-class=\"eltd-eh-custom-7398\">\n\t<div class=\"eltd-eh-item-inner\">\n\t\t<div class=\"eltd-eh-item-content eltd-eh-custom-7398\" >\n\t\t\t[vc_column_text]<\/p>\n<p style=\"text-align: justify;\">Depuis 1994, MPO g\u00e8re des \u00e9v\u00e9nements culturels de A \u00e0 Z et les livre cl\u00e9 en main mais intervient aussi en tant qu\u2019assistant \u00e0 ma\u00eetrise d\u2019ouvrage. Propositions d\u2019animations, d\u2019orientations de programme, d\u2019am\u00e9nagements\u2026 Tout est mis en \u0153uvre pour que votre \u00e9v\u00e9nement r\u00e9ponde \u00e0 vos attentes.<br \/>\nNotre \u00e9quipe poss\u00e8de une grande exp\u00e9rience des \u00e9v\u00e9nements litt\u00e9raires. Chacun apporte son savoir-faire pour un \u00e9v\u00e9nement r\u00e9ussi.<\/p>\n<p>MPO vous propose :<br \/>\n\u2013 Un savoir-faire organisationnel (gestion des co\u00fbts, respect des d\u00e9lais, prise en compte de vos objectifs et volont\u00e9s).<br \/>\n\u2013 Un r\u00e9seau important dans le domaine de la culture (auteurs, r\u00e9alisateurs, \u00e9diteurs, journalistes, exposants, artistes, professeurs\u2026).<br \/>\n\u2013 Un contact de confiance durant toute la phase de pr\u00e9paration et la phase post \u00e9v\u00e9nement<br \/>\n\u2013 Une pr\u00e9sence efficace lors de la manifestation<br \/>\n\u2013 Un \u00e9v\u00e9nement r\u00e9ussi<\/p>\n<p>Une manifestation livr\u00e9e cl\u00e9 en main :<br \/>\n\u2013 Conception, programmation, th\u00e9matique\u2026<br \/>\n\u2013 Am\u00e9nagement, stands, d\u00e9coration\u2026<br \/>\n\u2013 Contact et choix des auteurs, des artistes, des intervenants, des animateurs<br \/>\n\u2013 Logistique globale de l\u2019\u00e9v\u00e9nement<br \/>\n\u2013 R\u00e9ceptif[\/vc_column_text]\t\t<\/div>\n\t<\/div>\n<\/div><\/div>[\/vc_column][\/vc_row][vc_row row_content_width=&#8221;grid&#8221; css=&#8221;.vc_custom_1506438492225{padding-top: 92px !important;padding-bottom: 86px !important;}&#8221;][vc_column][vc_column_text]<\/p>\n<h2>L&#8217;\u00e9quipe<\/h2>\n<p>[\/vc_column_text][\/vc_column][\/vc_row][vc_row row_content_width=&#8221;grid&#8221; css=&#8221;.vc_custom_1506438492225{padding-top: 92px !important;padding-bottom: 86px !important;}&#8221;][vc_column width=&#8221;1\/3&#8243;]<div class=\"eltd-team info-bellow\">\n\t<div class=\"eltd-team-inner\">\n\n\t\t<div class=\"eltd-team-upper\">\n\t\t\t\t\t\t\t<div class=\"eltd-team-image\">\n\t\t\t\t\t<img fetchpriority=\"high\" decoding=\"async\" width=\"425\" height=\"402\" src=\"https:\/\/demo251019.mpocom.com\/wp-content\/uploads\/2019\/12\/silhouette.jpg\" class=\"attachment-full size-full\" alt=\"\" srcset=\"https:\/\/demo251019.mpocom.com\/wp-content\/uploads\/2019\/12\/silhouette.jpg 425w, https:\/\/demo251019.mpocom.com\/wp-content\/uploads\/2019\/12\/silhouette-300x284.jpg 300w\" sizes=\"(max-width: 425px) 100vw, 425px\" \/>\t\t\t\t<\/div>\n\t\t\t\n\t\t\t<div class=\"eltd-team-social-holder-between\">\n\t\t\t\t<div class=\"eltd-team-social normal_social\">\n\t\t\t\t\t<div class=\"eltd-team-social-inner\">\n\t\t\t\t\t\t<div class=\"eltd-team-social-wrapp\">\n\n\t\t\t\t\t\t\t\n\t\t\t\t\t\t<\/div>\n\t\t\t\t\t<\/div>\n\t\t\t\t<\/div>\n\t\t\t<\/div>\n\t\t<\/div>\n\n\t\t\t\t\t<div class=\"eltd-team-info\">\n\t\t\t\t\t\t\t\t\t<div class=\"eltd-team-title-holder normal_social\">\n\t\t\t\t\t\t\t\t\t\t\t\t\t<h5 class=\"eltd-team-name\">\n\t\t\t\t\t\t\t\tChristian Giraud\t\t\t\t\t\t\t<\/h5>\n\t\t\t\t\t\t\t\t\t\t\t\t\t\t\t\t\t\t\t<h6 class=\"eltd-team-position\">Relation auteurs<\/h6>\n\t\t\t\t\t\t\t\t\t\t\t<\/div>\n\t\t\t\t\n\t\t\t\t\n\t\t<\/div>\n\t<\/div>\n<\/div>[vc_empty_space height=&#8221;40px&#8221;][\/vc_column][vc_column width=&#8221;1\/3&#8243;]<div class=\"eltd-team info-bellow\">\n\t<div class=\"eltd-team-inner\">\n\n\t\t<div class=\"eltd-team-upper\">\n\t\t\t\t\t\t\t<div class=\"eltd-team-image\">\n\t\t\t\t\t<img fetchpriority=\"high\" decoding=\"async\" width=\"425\" height=\"402\" src=\"https:\/\/demo251019.mpocom.com\/wp-content\/uploads\/2019\/12\/silhouette.jpg\" class=\"attachment-full size-full\" alt=\"\" srcset=\"https:\/\/demo251019.mpocom.com\/wp-content\/uploads\/2019\/12\/silhouette.jpg 425w, https:\/\/demo251019.mpocom.com\/wp-content\/uploads\/2019\/12\/silhouette-300x284.jpg 300w\" sizes=\"(max-width: 425px) 100vw, 425px\" \/>\t\t\t\t<\/div>\n\t\t\t\n\t\t\t<div class=\"eltd-team-social-holder-between\">\n\t\t\t\t<div class=\"eltd-team-social normal_social\">\n\t\t\t\t\t<div class=\"eltd-team-social-inner\">\n\t\t\t\t\t\t<div class=\"eltd-team-social-wrapp\">\n\n\t\t\t\t\t\t\t\n\t\t\t\t\t\t<\/div>\n\t\t\t\t\t<\/div>\n\t\t\t\t<\/div>\n\t\t\t<\/div>\n\t\t<\/div>\n\n\t\t\t\t\t<div class=\"eltd-team-info\">\n\t\t\t\t\t\t\t\t\t<div class=\"eltd-team-title-holder normal_social\">\n\t\t\t\t\t\t\t\t\t\t\t\t\t<h5 class=\"eltd-team-name\">\n\t\t\t\t\t\t\t\tSt\u00e9phane Corsia\t\t\t\t\t\t\t<\/h5>\n\t\t\t\t\t\t\t\t\t\t\t\t\t\t\t\t\t\t\t<h6 class=\"eltd-team-position\">Communication<\/h6>\n\t\t\t\t\t\t\t\t\t\t\t<\/div>\n\t\t\t\t\n\t\t\t\t\n\t\t<\/div>\n\t<\/div>\n<\/div>[vc_empty_space height=&#8221;40px&#8221;][\/vc_column][vc_column width=&#8221;1\/3&#8243;]<div class=\"eltd-team info-bellow\">\n\t<div class=\"eltd-team-inner\">\n\n\t\t<div class=\"eltd-team-upper\">\n\t\t\t\t\t\t\t<div class=\"eltd-team-image\">\n\t\t\t\t\t<img fetchpriority=\"high\" decoding=\"async\" width=\"425\" height=\"402\" src=\"https:\/\/demo251019.mpocom.com\/wp-content\/uploads\/2019\/12\/silhouette.jpg\" class=\"attachment-full size-full\" alt=\"\" srcset=\"https:\/\/demo251019.mpocom.com\/wp-content\/uploads\/2019\/12\/silhouette.jpg 425w, https:\/\/demo251019.mpocom.com\/wp-content\/uploads\/2019\/12\/silhouette-300x284.jpg 300w\" sizes=\"(max-width: 425px) 100vw, 425px\" \/>\t\t\t\t<\/div>\n\t\t\t\n\t\t\t<div class=\"eltd-team-social-holder-between\">\n\t\t\t\t<div class=\"eltd-team-social normal_social\">\n\t\t\t\t\t<div class=\"eltd-team-social-inner\">\n\t\t\t\t\t\t<div class=\"eltd-team-social-wrapp\">\n\n\t\t\t\t\t\t\t\n\t\t\t\t\t\t<\/div>\n\t\t\t\t\t<\/div>\n\t\t\t\t<\/div>\n\t\t\t<\/div>\n\t\t<\/div>\n\n\t\t\t\t\t<div class=\"eltd-team-info\">\n\t\t\t\t\t\t\t\t\t<div class=\"eltd-team-title-holder normal_social\">\n\t\t\t\t\t\t\t\t\t\t\t\t\t<h5 class=\"eltd-team-name\">\n\t\t\t\t\t\t\t\tFr\u00e9d\u00e9ric Garnier\t\t\t\t\t\t\t<\/h5>\n\t\t\t\t\t\t\t\t\t\t\t\t\t\t\t\t\t\t\t<h6 class=\"eltd-team-position\">Programmation<\/h6>\n\t\t\t\t\t\t\t\t\t\t\t<\/div>\n\t\t\t\t\n\t\t\t\t\n\t\t<\/div>\n\t<\/div>\n<\/div>[vc_empty_space height=&#8221;40px&#8221;][\/vc_column][\/vc_row][vc_row css=&#8221;.vc_custom_1506438703073{padding-top: 65px !important;padding-bottom: 100px !important;}&#8221;][vc_column][\/vc_column][\/vc_row]<\/p>\n","protected":false},"excerpt":{"rendered":"<p>[vc_row row_content_width=&#8221;grid&#8221; css=&#8221;.vc_custom_1506438492225{padding-top: 92px !important;padding-bottom: 86px !important;}&#8221;][vc_column][vc_column_text] L&#8217;agence [\/vc_column_text][\/vc_column][\/vc_row][vc_row row_content_width=&#8221;grid&#8221; css=&#8221;.vc_custom_1506438492225{padding-top: 92px !important;padding-bottom: 86px !important;}&#8221;][vc_column][\/vc_column][\/vc_row][vc_row row_content_width=&#8221;grid&#8221; css=&#8221;.vc_custom_1506438492225{padding-top: 92px !important;padding-bottom: 86px !important;}&#8221;][vc_column][vc_column_text] L&#8217;\u00e9quipe [\/vc_column_text][\/vc_column][\/vc_row][vc_row row_content_width=&#8221;grid&#8221; css=&#8221;.vc_custom_1506438492225{padding-top: 92px !important;padding-bottom: 86px !important;}&#8221;][vc_column width=&#8221;1\/3&#8243;][vc_empty_space height=&#8221;40px&#8221;][\/vc_column][vc_column width=&#8221;1\/3&#8243;][vc_empty_space height=&#8221;40px&#8221;][\/vc_column][vc_column width=&#8221;1\/3&#8243;][vc_empty_space height=&#8221;40px&#8221;][\/vc_column][\/vc_row][vc_row css=&#8221;.vc_custom_1506438703073{padding-top: 65px !important;padding-bottom: 100px !important;}&#8221;][vc_column][\/vc_column][\/vc_row]<\/p>\n","protected":false},"author":1,"featured_media":0,"parent":0,"menu_order":0,"comment_status":"closed","ping_status":"closed","template":"full-width.php","meta":{"footnotes":""},"class_list":["post-95","page","type-page","status-publish","hentry"],"yoast_head":"<!-- This site is optimized with the Yoast SEO plugin v27.1.1 - https:\/\/yoast.com\/product\/yoast-seo-wordpress\/ -->\n<title>L&#039;Agence -<\/title>\n<meta name=\"robots\" content=\"noindex, follow, max-snippet:-1, max-image-preview:large, max-video-preview:-1\" \/>\n<meta property=\"og:locale\" content=\"fr_FR\" \/>\n<meta property=\"og:type\" content=\"article\" \/>\n<meta property=\"og:title\" content=\"L&#039;Agence -\" \/>\n<meta property=\"og:description\" content=\"[vc_row row_content_width=&#8221;grid&#8221; css=&#8221;.vc_custom_1506438492225{padding-top: 92px !important;padding-bottom: 86px !important;}&#8221;][vc_column][vc_column_text] L&#8217;agence [\/vc_column_text][\/vc_column][\/vc_row][vc_row row_content_width=&#8221;grid&#8221; css=&#8221;.vc_custom_1506438492225{padding-top: 92px !important;padding-bottom: 86px !important;}&#8221;][vc_column][\/vc_column][\/vc_row][vc_row row_content_width=&#8221;grid&#8221; css=&#8221;.vc_custom_1506438492225{padding-top: 92px !important;padding-bottom: 86px !important;}&#8221;][vc_column][vc_column_text] L&#8217;\u00e9quipe [\/vc_column_text][\/vc_column][\/vc_row][vc_row row_content_width=&#8221;grid&#8221; css=&#8221;.vc_custom_1506438492225{padding-top: 92px !important;padding-bottom: 86px !important;}&#8221;][vc_column width=&#8221;1\/3&#8243;][vc_empty_space height=&#8221;40px&#8221;][\/vc_column][vc_column width=&#8221;1\/3&#8243;][vc_empty_space height=&#8221;40px&#8221;][\/vc_column][vc_column width=&#8221;1\/3&#8243;][vc_empty_space height=&#8221;40px&#8221;][\/vc_column][\/vc_row][vc_row css=&#8221;.vc_custom_1506438703073{padding-top: 65px !important;padding-bottom: 100px !important;}&#8221;][vc_column][\/vc_column][\/vc_row]\" \/>\n<meta property=\"og:url\" content=\"https:\/\/demo251019.mpocom.com\/index.php\/agence\/\" \/>\n<meta property=\"article:modified_time\" content=\"2020-05-19T10:18:32+00:00\" \/>\n<meta name=\"twitter:card\" content=\"summary_large_image\" \/>\n<meta name=\"twitter:label1\" content=\"Dur\u00e9e de lecture estim\u00e9e\" \/>\n\t<meta name=\"twitter:data1\" content=\"2 minutes\" \/>\n<script type=\"application\/ld+json\" class=\"yoast-schema-graph\">{\"@context\":\"https:\/\/schema.org\",\"@graph\":[{\"@type\":\"WebPage\",\"@id\":\"https:\/\/demo251019.mpocom.com\/index.php\/agence\/\",\"url\":\"https:\/\/demo251019.mpocom.com\/index.php\/agence\/\",\"name\":\"L'Agence -\",\"isPartOf\":{\"@id\":\"https:\/\/demo251019.mpocom.com\/#website\"},\"datePublished\":\"2017-08-17T14:28:39+00:00\",\"dateModified\":\"2020-05-19T10:18:32+00:00\",\"breadcrumb\":{\"@id\":\"https:\/\/demo251019.mpocom.com\/index.php\/agence\/#breadcrumb\"},\"inLanguage\":\"fr-FR\",\"potentialAction\":[{\"@type\":\"ReadAction\",\"target\":[\"https:\/\/demo251019.mpocom.com\/index.php\/agence\/\"]}]},{\"@type\":\"BreadcrumbList\",\"@id\":\"https:\/\/demo251019.mpocom.com\/index.php\/agence\/#breadcrumb\",\"itemListElement\":[{\"@type\":\"ListItem\",\"position\":1,\"name\":\"Accueil\",\"item\":\"https:\/\/demo251019.mpocom.com\/\"},{\"@type\":\"ListItem\",\"position\":2,\"name\":\"L&#8217;Agence\"}]},{\"@type\":\"WebSite\",\"@id\":\"https:\/\/demo251019.mpocom.com\/#website\",\"url\":\"https:\/\/demo251019.mpocom.com\/\",\"name\":\"\",\"description\":\"\",\"potentialAction\":[{\"@type\":\"SearchAction\",\"target\":{\"@type\":\"EntryPoint\",\"urlTemplate\":\"https:\/\/demo251019.mpocom.com\/?s={search_term_string}\"},\"query-input\":{\"@type\":\"PropertyValueSpecification\",\"valueRequired\":true,\"valueName\":\"search_term_string\"}}],\"inLanguage\":\"fr-FR\"}]}<\/script>\n<!-- \/ Yoast SEO plugin. -->","yoast_head_json":{"title":"L'Agence -","robots":{"index":"noindex","follow":"follow","max-snippet":"max-snippet:-1","max-image-preview":"max-image-preview:large","max-video-preview":"max-video-preview:-1"},"og_locale":"fr_FR","og_type":"article","og_title":"L'Agence -","og_description":"[vc_row row_content_width=&#8221;grid&#8221; css=&#8221;.vc_custom_1506438492225{padding-top: 92px !important;padding-bottom: 86px !important;}&#8221;][vc_column][vc_column_text] L&#8217;agence [\/vc_column_text][\/vc_column][\/vc_row][vc_row row_content_width=&#8221;grid&#8221; css=&#8221;.vc_custom_1506438492225{padding-top: 92px !important;padding-bottom: 86px !important;}&#8221;][vc_column][\/vc_column][\/vc_row][vc_row row_content_width=&#8221;grid&#8221; css=&#8221;.vc_custom_1506438492225{padding-top: 92px !important;padding-bottom: 86px !important;}&#8221;][vc_column][vc_column_text] L&#8217;\u00e9quipe [\/vc_column_text][\/vc_column][\/vc_row][vc_row row_content_width=&#8221;grid&#8221; css=&#8221;.vc_custom_1506438492225{padding-top: 92px !important;padding-bottom: 86px !important;}&#8221;][vc_column width=&#8221;1\/3&#8243;][vc_empty_space height=&#8221;40px&#8221;][\/vc_column][vc_column width=&#8221;1\/3&#8243;][vc_empty_space height=&#8221;40px&#8221;][\/vc_column][vc_column width=&#8221;1\/3&#8243;][vc_empty_space height=&#8221;40px&#8221;][\/vc_column][\/vc_row][vc_row css=&#8221;.vc_custom_1506438703073{padding-top: 65px !important;padding-bottom: 100px !important;}&#8221;][vc_column][\/vc_column][\/vc_row]","og_url":"https:\/\/demo251019.mpocom.com\/index.php\/agence\/","article_modified_time":"2020-05-19T10:18:32+00:00","twitter_card":"summary_large_image","twitter_misc":{"Dur\u00e9e de lecture estim\u00e9e":"2 minutes"},"schema":{"@context":"https:\/\/schema.org","@graph":[{"@type":"WebPage","@id":"https:\/\/demo251019.mpocom.com\/index.php\/agence\/","url":"https:\/\/demo251019.mpocom.com\/index.php\/agence\/","name":"L'Agence -","isPartOf":{"@id":"https:\/\/demo251019.mpocom.com\/#website"},"datePublished":"2017-08-17T14:28:39+00:00","dateModified":"2020-05-19T10:18:32+00:00","breadcrumb":{"@id":"https:\/\/demo251019.mpocom.com\/index.php\/agence\/#breadcrumb"},"inLanguage":"fr-FR","potentialAction":[{"@type":"ReadAction","target":["https:\/\/demo251019.mpocom.com\/index.php\/agence\/"]}]},{"@type":"BreadcrumbList","@id":"https:\/\/demo251019.mpocom.com\/index.php\/agence\/#breadcrumb","itemListElement":[{"@type":"ListItem","position":1,"name":"Accueil","item":"https:\/\/demo251019.mpocom.com\/"},{"@type":"ListItem","position":2,"name":"L&#8217;Agence"}]},{"@type":"WebSite","@id":"https:\/\/demo251019.mpocom.com\/#website","url":"https:\/\/demo251019.mpocom.com\/","name":"","description":"","potentialAction":[{"@type":"SearchAction","target":{"@type":"EntryPoint","urlTemplate":"https:\/\/demo251019.mpocom.com\/?s={search_term_string}"},"query-input":{"@type":"PropertyValueSpecification","valueRequired":true,"valueName":"search_term_string"}}],"inLanguage":"fr-FR"}]}},"_links":{"self":[{"href":"https:\/\/demo251019.mpocom.com\/index.php\/wp-json\/wp\/v2\/pages\/95","targetHints":{"allow":["GET"]}}],"collection":[{"href":"https:\/\/demo251019.mpocom.com\/index.php\/wp-json\/wp\/v2\/pages"}],"about":[{"href":"https:\/\/demo251019.mpocom.com\/index.php\/wp-json\/wp\/v2\/types\/page"}],"author":[{"embeddable":true,"href":"https:\/\/demo251019.mpocom.com\/index.php\/wp-json\/wp\/v2\/users\/1"}],"replies":[{"embeddable":true,"href":"https:\/\/demo251019.mpocom.com\/index.php\/wp-json\/wp\/v2\/comments?post=95"}],"version-history":[{"count":42,"href":"https:\/\/demo251019.mpocom.com\/index.php\/wp-json\/wp\/v2\/pages\/95\/revisions"}],"predecessor-version":[{"id":4200,"href":"https:\/\/demo251019.mpocom.com\/index.php\/wp-json\/wp\/v2\/pages\/95\/revisions\/4200"}],"wp:attachment":[{"href":"https:\/\/demo251019.mpocom.com\/index.php\/wp-json\/wp\/v2\/media?parent=95"}],"curies":[{"name":"wp","href":"https:\/\/api.w.org\/{rel}","templated":true}]}}